{"id":2934,"date":"2022-04-09T09:34:23","date_gmt":"2022-04-09T09:34:23","guid":{"rendered":"https:\/\/www.yapu.solutions\/digital-tools\/"},"modified":"2023-10-11T06:44:26","modified_gmt":"2023-10-11T06:44:26","slug":"herramientas-digitales","status":"publish","type":"page","link":"https:\/\/www.yapu.solutions\/es\/herramientas-digitales\/","title":{"rendered":"Herramientas digitales"},"content":{"rendered":"<div id=\"cs-content\" class=\"cs-content\"><\/div>\n","protected":false},"excerpt":{"rendered":"<p>HERRAMIENTAS DIGITALESCon nuestro creador flexible de APP y API, podr\u00e1 acceder a sus datos a trav\u00e9s de todos los canales.SU OFICINA DIGITAL DE ATENCI\u00d3N AL CLIENTESu equipo tiene todos los formularios y la informaci\u00f3n del cliente listos en cualquier momento.Inicio de sesi\u00f3n seguro y control de usuariosRecoger datos en el campoTener los resultados siempre a manoLA GESTI\u00d3N DIGITAL DE SU &#8230; <\/p>\n<div><a href=\"https:\/\/www.yapu.solutions\/es\/herramientas-digitales\/\" class=\"more-link\">Read More<\/a><\/div>\n","protected":false},"author":2,"featured_media":0,"parent":0,"menu_order":3,"comment_status":"closed","ping_status":"closed","template":"template-blank-4.php","meta":{"inline_featured_image":false,"_mi_skip_tracking":false,"_monsterinsights_sitenote_active":false,"_monsterinsights_sitenote_note":"","_monsterinsights_sitenote_category":0,"footnotes":""},"class_list":["post-2934","page","type-page","status-publish","hentry","no-post-thumbnail"],"acf":[],"aioseo_notices":[],"_links":{"self":[{"href":"https:\/\/www.yapu.solutions\/es\/wp-json\/wp\/v2\/pages\/2934","targetHints":{"allow":["GET"]}}],"collection":[{"href":"https:\/\/www.yapu.solutions\/es\/wp-json\/wp\/v2\/pages"}],"about":[{"href":"https:\/\/www.yapu.solutions\/es\/wp-json\/wp\/v2\/types\/page"}],"author":[{"embeddable":true,"href":"https:\/\/www.yapu.solutions\/es\/wp-json\/wp\/v2\/users\/2"}],"replies":[{"embeddable":true,"href":"https:\/\/www.yapu.solutions\/es\/wp-json\/wp\/v2\/comments?post=2934"}],"version-history":[{"count":4,"href":"https:\/\/www.yapu.solutions\/es\/wp-json\/wp\/v2\/pages\/2934\/revisions"}],"predecessor-version":[{"id":2955,"href":"https:\/\/www.yapu.solutions\/es\/wp-json\/wp\/v2\/pages\/2934\/revisions\/2955"}],"wp:attachment":[{"href":"https:\/\/www.yapu.solutions\/es\/wp-json\/wp\/v2\/media?parent=2934"}],"curies":[{"name":"wp","href":"https:\/\/api.w.org\/{rel}","templated":true}]}}