{"id":2996,"date":"2022-04-13T05:16:37","date_gmt":"2022-04-13T05:16:37","guid":{"rendered":"https:\/\/www.yapu.solutions\/investor-services\/"},"modified":"2023-10-11T06:46:55","modified_gmt":"2023-10-11T06:46:55","slug":"servicios-al-inversor","status":"publish","type":"page","link":"https:\/\/www.yapu.solutions\/es\/servicios-al-inversor\/","title":{"rendered":"Servicios al inversor"},"content":{"rendered":"<div id=\"cs-content\" class=\"cs-content\"><\/div>\n","protected":false},"excerpt":{"rendered":"<p>SERVICIOS AL INVERSORSERVICIOS AL INVERSOR Mida las vulnerabilidades clim\u00e1ticas en todas sus operaciones y act\u00fae en consecuencia. Nuestro enfoqueYAPU se centra en hacer prosperar la financiaci\u00f3n de la resiliencia en los mercados informales a trav\u00e9s de la financiaci\u00f3n de la agricultura, las PYME y el comercio minorista en los pa\u00edses en desarrollo. All\u00ed, las instituciones financieras suelen tener un impacto &#8230; <\/p>\n<div><a href=\"https:\/\/www.yapu.solutions\/es\/servicios-al-inversor\/\" class=\"more-link\">Read More<\/a><\/div>\n","protected":false},"author":2,"featured_media":0,"parent":0,"menu_order":2,"comment_status":"closed","ping_status":"closed","template":"template-blank-4.php","meta":{"inline_featured_image":false,"_mi_skip_tracking":false,"_monsterinsights_sitenote_active":false,"_monsterinsights_sitenote_note":"","_monsterinsights_sitenote_category":0,"footnotes":""},"class_list":["post-2996","page","type-page","status-publish","hentry","no-post-thumbnail"],"acf":[],"aioseo_notices":[],"_links":{"self":[{"href":"https:\/\/www.yapu.solutions\/es\/wp-json\/wp\/v2\/pages\/2996","targetHints":{"allow":["GET"]}}],"collection":[{"href":"https:\/\/www.yapu.solutions\/es\/wp-json\/wp\/v2\/pages"}],"about":[{"href":"https:\/\/www.yapu.solutions\/es\/wp-json\/wp\/v2\/types\/page"}],"author":[{"embeddable":true,"href":"https:\/\/www.yapu.solutions\/es\/wp-json\/wp\/v2\/users\/2"}],"replies":[{"embeddable":true,"href":"https:\/\/www.yapu.solutions\/es\/wp-json\/wp\/v2\/comments?post=2996"}],"version-history":[{"count":12,"href":"https:\/\/www.yapu.solutions\/es\/wp-json\/wp\/v2\/pages\/2996\/revisions"}],"predecessor-version":[{"id":3606,"href":"https:\/\/www.yapu.solutions\/es\/wp-json\/wp\/v2\/pages\/2996\/revisions\/3606"}],"wp:attachment":[{"href":"https:\/\/www.yapu.solutions\/es\/wp-json\/wp\/v2\/media?parent=2996"}],"curies":[{"name":"wp","href":"https:\/\/api.w.org\/{rel}","templated":true}]}}