{"id":3022,"date":"2022-04-13T13:23:33","date_gmt":"2022-04-13T13:23:33","guid":{"rendered":"https:\/\/www.yapu.solutions\/impact\/"},"modified":"2023-01-15T17:37:35","modified_gmt":"2023-01-15T17:37:35","slug":"impact","status":"publish","type":"page","link":"https:\/\/www.yapu.solutions\/fr\/impact\/","title":{"rendered":"Impact"},"content":{"rendered":"<div id=\"cs-content\" class=\"cs-content\"><\/div>\n","protected":false},"excerpt":{"rendered":"<p>ImpactCr\u00e9er un impact positif est dans l&rsquo;ADN de YAPU Solutions. C&rsquo;est ainsi que nous avons commenc\u00e9 et que nous le faisons encore aujourd&rsquo;hui.R\u00e9silience num\u00e9rique financesNos outils num\u00e9riques soutiennent les institutions financi\u00e8res avec une analyse de cr\u00e9dit automatis\u00e9e pour comprendre la r\u00e9alit\u00e9 economique et financiere de leurs clients.Nous permettons aux institutions financi\u00e8res de devenir des agents du changement : Gr\u00e2ce \u00e0 &#8230; <\/p>\n<div><a href=\"https:\/\/www.yapu.solutions\/fr\/impact\/\" class=\"more-link\">Read More<\/a><\/div>\n","protected":false},"author":2,"featured_media":0,"parent":0,"menu_order":11,"comment_status":"closed","ping_status":"closed","template":"template-blank-4.php","meta":{"inline_featured_image":false,"_mi_skip_tracking":false,"_monsterinsights_sitenote_active":false,"_monsterinsights_sitenote_note":"","_monsterinsights_sitenote_category":0,"footnotes":""},"class_list":["post-3022","page","type-page","status-publish","hentry","no-post-thumbnail"],"acf":[],"aioseo_notices":[],"_links":{"self":[{"href":"https:\/\/www.yapu.solutions\/fr\/wp-json\/wp\/v2\/pages\/3022","targetHints":{"allow":["GET"]}}],"collection":[{"href":"https:\/\/www.yapu.solutions\/fr\/wp-json\/wp\/v2\/pages"}],"about":[{"href":"https:\/\/www.yapu.solutions\/fr\/wp-json\/wp\/v2\/types\/page"}],"author":[{"embeddable":true,"href":"https:\/\/www.yapu.solutions\/fr\/wp-json\/wp\/v2\/users\/2"}],"replies":[{"embeddable":true,"href":"https:\/\/www.yapu.solutions\/fr\/wp-json\/wp\/v2\/comments?post=3022"}],"version-history":[{"count":4,"href":"https:\/\/www.yapu.solutions\/fr\/wp-json\/wp\/v2\/pages\/3022\/revisions"}],"predecessor-version":[{"id":3467,"href":"https:\/\/www.yapu.solutions\/fr\/wp-json\/wp\/v2\/pages\/3022\/revisions\/3467"}],"wp:attachment":[{"href":"https:\/\/www.yapu.solutions\/fr\/wp-json\/wp\/v2\/media?parent=3022"}],"curies":[{"name":"wp","href":"https:\/\/api.w.org\/{rel}","templated":true}]}}