{"id":3082,"date":"2022-04-14T06:49:50","date_gmt":"2022-04-14T06:49:50","guid":{"rendered":"https:\/\/www.yapu.solutions\/impact\/the-meba-biodiversity-platform\/"},"modified":"2022-04-19T10:18:15","modified_gmt":"2022-04-19T10:18:15","slug":"the-meba-biodiversity-platform","status":"publish","type":"page","link":"https:\/\/www.yapu.solutions\/fr\/impact\/the-meba-biodiversity-platform\/","title":{"rendered":"The MEbA biodiversity platform"},"content":{"rendered":"<div id=\"cs-content\" class=\"cs-content\"><\/div>\n","protected":false},"excerpt":{"rendered":"<p>LA PLATEFORME MEBA \u2013 BIODIVERSIT\u00c9L\u2019INT\u00c9GRATION DES RISQUES CLIMATIQUES ET DES IMPACTS SUR LA BIODIVERSIT\u00c9 DANS LES D\u00c9CISIONS DE CR\u00c9DIT RELATIVES AUX PR\u00caTS AGRICOLESHomepartie prenanteSite web du projet &#8211; unepmeba.org\/fr\/biodiversity-platform\/br\u00e8ve descriptionLa Biodiversit\u00e9 est un \u00c8l\u00e9ment cl\u00e8 pour le Financement de l&rsquo;Agroculture. Mais elle est menac\u00e9e au niveau mondial et elle n&rsquo;est pas inclue dans les d\u00e9cisions de cr\u00e9dit, ce qui entra\u00eene &#8230; <\/p>\n<div><a href=\"https:\/\/www.yapu.solutions\/fr\/impact\/the-meba-biodiversity-platform\/\" class=\"more-link\">Read More<\/a><\/div>\n","protected":false},"author":2,"featured_media":0,"parent":3022,"menu_order":3,"comment_status":"closed","ping_status":"closed","template":"template-blank-4.php","meta":{"inline_featured_image":false,"_mi_skip_tracking":false,"_monsterinsights_sitenote_active":false,"_monsterinsights_sitenote_note":"","_monsterinsights_sitenote_category":0,"footnotes":""},"class_list":["post-3082","page","type-page","status-publish","hentry","no-post-thumbnail"],"acf":[],"aioseo_notices":[],"_links":{"self":[{"href":"https:\/\/www.yapu.solutions\/fr\/wp-json\/wp\/v2\/pages\/3082","targetHints":{"allow":["GET"]}}],"collection":[{"href":"https:\/\/www.yapu.solutions\/fr\/wp-json\/wp\/v2\/pages"}],"about":[{"href":"https:\/\/www.yapu.solutions\/fr\/wp-json\/wp\/v2\/types\/page"}],"author":[{"embeddable":true,"href":"https:\/\/www.yapu.solutions\/fr\/wp-json\/wp\/v2\/users\/2"}],"replies":[{"embeddable":true,"href":"https:\/\/www.yapu.solutions\/fr\/wp-json\/wp\/v2\/comments?post=3082"}],"version-history":[{"count":2,"href":"https:\/\/www.yapu.solutions\/fr\/wp-json\/wp\/v2\/pages\/3082\/revisions"}],"predecessor-version":[{"id":3084,"href":"https:\/\/www.yapu.solutions\/fr\/wp-json\/wp\/v2\/pages\/3082\/revisions\/3084"}],"up":[{"embeddable":true,"href":"https:\/\/www.yapu.solutions\/fr\/wp-json\/wp\/v2\/pages\/3022"}],"wp:attachment":[{"href":"https:\/\/www.yapu.solutions\/fr\/wp-json\/wp\/v2\/media?parent=3082"}],"curies":[{"name":"wp","href":"https:\/\/api.w.org\/{rel}","templated":true}]}}